{"id":4077,"date":"2015-12-20T21:56:00","date_gmt":"2015-12-20T19:56:00","guid":{"rendered":"http:\/\/www.jog4you.com\/?page_id=4077"},"modified":"2024-04-22T19:28:59","modified_gmt":"2024-04-22T17:28:59","slug":"impressum","status":"publish","type":"page","link":"http:\/\/www.jog4you.com\/?page_id=4077","title":{"rendered":"Impressum"},"content":{"rendered":"<header class=\"entry-header\">\n<h3 class=\"entry-title\" style=\"text-align: justify;\">&nbsp;Verantwortlich f\u00fcr den Inhalt<\/h3>\n<\/header>\n<div class=\"entry-content\">\n<p style=\"text-align: justify;\">Johanna Grabner<br \/>\nArgentinierstrasse 16<br \/>\nA 1040 Wien<\/p>\n<p style=\"text-align: justify;\">E-Mail:&nbsp; johanna.grabner@gmx.at<\/p>\n<p style=\"text-align: justify;\">web: www.jog4you.com<\/p>\n<p style=\"text-align: justify;\">Tel:: +43&nbsp;699 1945 7945<\/p>\n<\/div>\n<p>Der Inhalt dieser Webseite ist urheberrechtlich gesch\u00fctzt. \u00c4nderungen, Verarbeitungen oder Speicherung der Bilder, Fotos oder Daten, von Bildmaterial, Texten oder Textteilen, bed\u00fcrfen der vorherigen schriftlichen Zustimmung von Johanna Grabner. Die Nutzung s\u00e4mtlicher hier aufgef\u00fchrten Fotos oder Daten unterliegen weltweit \u00f6sterreichischem Urheberrecht. S\u00e4mtliche Rechte an den Fotos liegen bei&nbsp;Johanna Grabner<\/p>\n<p>Haftungshinweis:<br \/>\nTrotz sorgf\u00e4ltiger Pr\u00fcfung und inhaltlicher Kontrolle \u00fcbernimmt&nbsp;Johanna Grabner keine Haftung f\u00fcr die Inhalte externer Links. F\u00fcr den Inhalt externer Seiten sind ausschlie\u00dflich deren Betreiber verantwortlich<\/p>\n<div class=\"entry-content\">\n<p><a href=\"https:\/\/www.wkoecg.at\/Web\/Ecg.aspx?FirmaID=6369cff0-cca7-4058-a5de-f9a56a2d044b\" target=\"_blank\" rel=\"noopener\"><img decoding=\"async\" style=\"border: 0px;\" src=\"https:\/\/www.wkoecg.at\/Web\/Library\/img\/ecg.gif\" alt=\"Informationen zu E-Commerce und Mediengesetz\"><\/a><\/p>\n<p><a href=\"https:\/\/www.wko.at\/branchen\/k\/gewerbe-handwerk\/berufsfotografen\/AGB-fuer-Berufsfotografen_-Unternehmer-mit-Logo_8.pdf\">AGB\u00b4s f\u00fcr Berufsfotografen<\/a><\/p>\n<\/div>\n<p style=\"text-align: justify;\">&nbsp;<\/p>\n<div class=\"entry-content\">&nbsp;<\/div>\n","protected":false},"excerpt":{"rendered":"<p>&nbsp;Verantwortlich f\u00fcr den Inhalt Johanna Grabner Argentinierstrasse 16 A 1040 Wien E-Mail:&nbsp; johanna.grabner@gmx.at web: www.jog4you.com Tel:: +43&nbsp;699 1945 7945 Der Inhalt dieser Webseite ist urheberrechtlich gesch\u00fctzt. \u00c4nderungen, Verarbeitungen oder Speicherung der Bilder, Fotos oder Daten, von Bildmaterial, Texten oder Textteilen, bed\u00fcrfen der vorherigen schriftlichen Zustimmung von Johanna Grabner. Die Nutzung s\u00e4mtlicher hier aufgef\u00fchrten Fotos oder [&hellip;]<\/p>\n","protected":false},"author":1,"featured_media":0,"parent":0,"menu_order":0,"comment_status":"closed","ping_status":"closed","template":"","meta":{"ngg_post_thumbnail":0,"footnotes":"","_links_to":"","_links_to_target":""},"class_list":["post-4077","page","type-page","status-publish","hentry"],"_links":{"self":[{"href":"http:\/\/www.jog4you.com\/index.php?rest_route=\/wp\/v2\/pages\/4077","targetHints":{"allow":["GET"]}}],"collection":[{"href":"http:\/\/www.jog4you.com\/index.php?rest_route=\/wp\/v2\/pages"}],"about":[{"href":"http:\/\/www.jog4you.com\/index.php?rest_route=\/wp\/v2\/types\/page"}],"author":[{"embeddable":true,"href":"http:\/\/www.jog4you.com\/index.php?rest_route=\/wp\/v2\/users\/1"}],"replies":[{"embeddable":true,"href":"http:\/\/www.jog4you.com\/index.php?rest_route=%2Fwp%2Fv2%2Fcomments&post=4077"}],"version-history":[{"count":18,"href":"http:\/\/www.jog4you.com\/index.php?rest_route=\/wp\/v2\/pages\/4077\/revisions"}],"predecessor-version":[{"id":28913,"href":"http:\/\/www.jog4you.com\/index.php?rest_route=\/wp\/v2\/pages\/4077\/revisions\/28913"}],"wp:attachment":[{"href":"http:\/\/www.jog4you.com\/index.php?rest_route=%2Fwp%2Fv2%2Fmedia&parent=4077"}],"curies":[{"name":"wp","href":"https:\/\/api.w.org\/{rel}","templated":true}]}}